{"id":1394,"date":"2016-02-17T10:30:04","date_gmt":"2016-02-17T10:30:04","guid":{"rendered":"https:\/\/smartyschool.stylemixthemes.com\/?page_id=1394"},"modified":"2022-07-22T10:40:37","modified_gmt":"2022-07-22T10:40:37","slug":"sikca-sorulan-sorular","status":"publish","type":"page","link":"https:\/\/chateaukids.com\/en\/sikca-sorulan-sorular\/","title":{"rendered":"Frequently Asked Questions"},"content":{"rendered":"<div class=\"wpb-content-wrapper\"><div class=\"vc_row wpb_row vc_row-fluid vc_custom_1475047954336\"><div class=\"wpb_column vc_column_container vc_col-sm-12 vc_col-lg-12 vc_col-md-12 vc_col-xs-12\"><div class=\"vc_column-inner\"><div class=\"wpb_wrapper\"><h1 class=\"stm-title stm-font_color_lilac stm-title_sep_bottom\" style=\"text-align:left;margin-top:5px;margin-bottom:31px\">\n\nFrequently Asked Questions\n<\/h1>\n<div  class=\"vc_do_toggle vc_toggle vc_toggle_default vc_toggle_color_default  vc_toggle_size_sm\"><div class=\"vc_toggle_title\"><h4>When is the ideal age to teach a child a second language other than their mother tongue?<\/h4><i class=\"vc_toggle_icon\"><\/i><\/div><div class=\"vc_toggle_content\"><p><span style=\"display: block; letter-spacing: -0.35px; font-family: helvetica, arial, sans-serif; font-size: 12pt;\">The most common and accepted view on this subject is the &quot;Critical Period&quot; Hypothesis. This hypothesis was first put forward by Neurolinguists Penfield and Roberts (1959) and later by Lenneberg (1967). Later research supported this view (Johnson, 1992; Johnson &amp; Newport, 1989; Oyama, 1976; Patkowski, 1980, 1994). According to this view, there is a critical period for learning a second language. It is not impossible to learn a second language after this period. However, it is not possible to learn a second language with the same competence.<\/span><\/p>\n<p><span style=\"font-family: helvetica, arial, sans-serif; font-size: 12pt;\">The basis of this view is based on brain development. It is emphasized that the ideal period is between the ages of 2 and adolescence, as the brain is not fully developed before the age of 2, and after adolescence, the brain becomes more mature, the right and left brain complete its development, and the malleability of the brain decreases. There are different opinions regarding this age range. According to Krashen (1973), the critical period is between the ages of 2 and 5, according to Pinker (1994), until the age of 6, according to Lenneberg (1967), until the age of 12, and according to Johnson and Newport (1989, 1991), it is until the age of 15. <strong>In short, research argues that, in terms of brain development and learning theories, the competence in learning a second language decreases with age.<\/strong><\/span><\/p>\n<p><span style=\"font-family: helvetica, arial, sans-serif; font-size: 12pt;\">We can say that the ideal age for learning a second language is early childhood and pre-adolescence. <strong>The earlier a child is exposed to a second language, the easier it will be for him to learn and use the second language fluently.<\/strong><\/span><\/p>\n<\/div><\/div><div  class=\"vc_do_toggle vc_toggle vc_toggle_default vc_toggle_color_default  vc_toggle_size_sm\"><div class=\"vc_toggle_title\"><h4>Is communicating bilingually with a baby who has not yet started speaking harmful to the child&#039;s language development? Does it delay his speech?<\/h4><i class=\"vc_toggle_icon\"><\/i><\/div><div class=\"vc_toggle_content\"><p><span style=\"display: block; letter-spacing: -0.35px; font-family: helvetica, arial, sans-serif; font-size: 12pt;\">There is no harm in children whose parents speak different mother tongues being exposed to two languages from birth. Previously, there were some misconceptions that learning a second language confused the child and slowed down other areas of development. On the other hand, bilingual children have more developed cognitive skills, can concentrate on a task more easily, and are more successful academically.<\/span><\/p>\n<p><span style=\"font-family: helvetica, arial, sans-serif; font-size: 12pt;\">These children learn two languages spontaneously. They do not make a special effort to learn the language. <strong>Research emphasizes that exposure to a second language before the age of 5 occurs in a more natural process in terms of the brain&#039;s language learning mechanism.<\/strong> These children encode both languages into their brains and can spontaneously switch between the two languages. On the other hand <strong>Due to this coding process, it may be a little later for these children to start speaking, but this is not a cause for concern, on the contrary, it is a natural process.<\/strong><\/span><\/p>\n<p><span style=\"display: block; letter-spacing: -0.35px; font-family: helvetica, arial, sans-serif; font-size: 12pt;\">\u00a0<\/span><\/p>\n<\/div><\/div><div  class=\"vc_do_toggle vc_toggle vc_toggle_default vc_toggle_color_default  vc_toggle_size_sm\"><div class=\"vc_toggle_title\"><h4>Can a child learn two languages at the same time?<\/h4><i class=\"vc_toggle_icon\"><\/i><\/div><div class=\"vc_toggle_content\"><p><span style=\"display: block; letter-spacing: -0.35px; font-family: helvetica, arial, sans-serif; font-size: 12pt;\">This process is different if the mother and father&#039;s native language is the same and they want their children to learn a second language. If the parents have different native languages and everyone communicates with the child in their own language, the child encodes both languages separately in his brain. However, if both parents speak the same mother tongue and occasionally speak the second language and their accent is not very good, the child will only develop a predisposition to the second spoken language. <strong>In this case, it would be more beneficial to be exposed to the second language after the age of 2. Because until this age, it is not important for the child to learn a second language, but to establish an emotional bond with the adult and feel safe. In other words, children can be exposed to the second language through songs, but there is no need to try to teach the second language. After the age of 3, a second language can be learned through play in kindergarten.<\/strong> Children who grow up prone to second languages will learn the second language more easily at school.<\/span><\/p>\n<p><span style=\"display: block; letter-spacing: -0.35px; font-family: helvetica, arial, sans-serif; font-size: 12pt;\">\u00a0<\/span><\/p>\n<\/div><\/div><div  class=\"vc_do_toggle vc_toggle vc_toggle_default vc_toggle_color_default  vc_toggle_size_sm\"><div class=\"vc_toggle_title\"><h4>What advantages can language education have at a young age?<\/h4><i class=\"vc_toggle_icon\"><\/i><\/div><div class=\"vc_toggle_content\"><p><span style=\"display: block; letter-spacing: -0.35px; font-family: helvetica, arial, sans-serif; font-size: 12pt;\"><strong>Being exposed to songs and stories in the second language in early childhood makes learning the language more comfortable.<\/strong> During this period, as the brain is newly formed and the right and left brains have not matured, it can learn more naturally without difficulty or great effort. Can use the second language more fluently.<\/span><\/p>\n<p><span style=\"display: block; letter-spacing: -0.35px; font-family: helvetica, arial, sans-serif; font-size: 12pt;\">\u00a0<\/span><\/p>\n<\/div><\/div><div  class=\"vc_do_toggle vc_toggle vc_toggle_default vc_toggle_color_default  vc_toggle_size_sm\"><div class=\"vc_toggle_title\"><h4>What method should families follow when they want to teach their children a foreign language in preschool?<\/h4><i class=\"vc_toggle_icon\"><\/i><\/div><div class=\"vc_toggle_content\"><p><span style=\"display: block; letter-spacing: -0.35px; font-family: helvetica, arial, sans-serif; font-size: 12pt;\">Parents&#039; desire to teach a second language should not cause them to neglect the child&#039;s emotional and social development. It may be a wrong decision to start a child in kindergarten before he or she is ready for kindergarten, especially in a bilingual school. <strong>The child&#039;s emotional development, emotional bonding, and feeling safe are paramount.<\/strong> If we focus on language learning and neglect the child&#039;s emotional development, there will be a delay in the child&#039;s development and his psychology may deteriorate.<\/span><\/p>\n<p><span style=\"font-family: helvetica, arial, sans-serif; font-size: 12pt;\">For this reason, without being too insistent on the second language, the child can be exposed to the second language through play, taking into account the child&#039;s aptitude for the language. If the second language is to be learned in kindergarten, the child should go to a normal kindergarten for the first year to develop self-confidence and get used to school. In the second year of kindergarten or nursery, the child&#039;s general development can be evaluated and the child can be sent to a bilingual kindergarten. Since each child&#039;s development is different, it would be healthier to get support from an expert pedagogue.<\/span><\/p>\n<p><span style=\"display: block; letter-spacing: -0.35px; font-family: helvetica, arial, sans-serif; font-size: 12pt;\">\u00a0<\/span><\/p>\n<\/div><\/div><div  class=\"vc_do_toggle vc_toggle vc_toggle_default vc_toggle_color_default  vc_toggle_size_sm\"><div class=\"vc_toggle_title\"><h4>In what cases should a second language not be taught?<\/h4><i class=\"vc_toggle_icon\"><\/i><\/div><div class=\"vc_toggle_content\"><p><span style=\"display: block; letter-spacing: -0.35px; font-family: helvetica, arial, sans-serif; font-size: 12pt;\">If the child has emotional problems or developmental delays, the priority should be the child&#039;s development. Children who grow up isolated within four walls without socializing cannot communicate even in their native language, let alone their second language. There are serious problems in their development. Many of these children are diagnosed with pervasive developmental disorder. Children with this diagnosis cannot learn the second language anyway, and trying to teach the second language causes these children to become more withdrawn and close themselves off from learning. In children with normal development, it is sufficient for the child to have a healthy attachment to an adult (mother, caregiver, etc.), to be able to express himself\/herself comfortably and to be self-confident. Parents can gradually help their children develop second language skills before kindergarten through children&#039;s songs, stories and cartoons.<\/span><\/p>\n<p><span style=\"display: block; letter-spacing: -0.35px; font-family: helvetica, arial, sans-serif; font-size: 12pt;\">\u00a0<\/span><\/p>\n<\/div><\/div><div class=\"vc_empty_space\"   style=\"height: 32px\"><span class=\"vc_empty_space_inner\"><\/span><\/div><h5 class=\"stm-title stm-font_color_lilac stm-title_sep_bottom\" style=\"text-align:left;margin-bottom:17px\">\n\nIf your question is not answered above, you can ask us.\n<\/h5>\n\n\t<div class=\"wpb_text_column wpb_content_element vc_custom_1586425857552\" >\n\t\t<div class=\"wpb_wrapper\">\n\t\t\t<p><span style=\"display: block; letter-spacing: -0.35px; font-size: 18px; color: #595959;\">We will get back to you as soon as possible.<\/span><\/p>\n\n\t\t<\/div>\n\t<\/div>\n\n<div class=\"wpcf7 no-js\" id=\"wpcf7-f3928-o1\" lang=\"en-US\" dir=\"ltr\">\n<div class=\"screen-reader-response\"><p role=\"status\" aria-live=\"polite\" aria-atomic=\"true\"><\/p> <ul><\/ul><\/div>\n<form action=\"\/en\/wp-json\/wp\/v2\/pages\/1394#wpcf7-f3928-o1\" method=\"post\" class=\"wpcf7-form init\" aria-label=\"Contact form\" novalidate=\"novalidate\" data-status=\"init\" data-trp-original-action=\"\/en\/wp-json\/wp\/v2\/pages\/1394#wpcf7-f3928-o1\">\n<div style=\"display: none;\">\n<input type=\"hidden\" name=\"_wpcf7\" value=\"3928\" \/>\n<input type=\"hidden\" name=\"_wpcf7_version\" value=\"5.9.8\" \/>\n<input type=\"hidden\" name=\"_wpcf7_locale\" value=\"en_US\" \/>\n<input type=\"hidden\" name=\"_wpcf7_unit_tag\" value=\"wpcf7-f3928-o1\" \/>\n<input type=\"hidden\" name=\"_wpcf7_container_post\" value=\"0\" \/>\n<input type=\"hidden\" name=\"_wpcf7_posted_data_hash\" value=\"\" \/>\n<\/div>\n<div class=\"row\">\n\t<div class=\"col-sm-6 col-xs-12\">\n\t\t<p><span class=\"wpcf7-form-control-wrap\" data-name=\"your-name\"><input size=\"40\" maxlength=\"400\" class=\"wpcf7-form-control wpcf7-text wpcf7-validates-as-required\" aria-required=\"true\" aria-invalid=\"false\" placeholder=\"Your name and your surname *\" value=\"\" type=\"text\" name=\"your-name\" \/><\/span>\n\t\t<\/p>\n\t<\/div>\n\t<div class=\"col-sm-6 col-xs-12\">\n\t\t<p><span class=\"wpcf7-form-control-wrap\" data-name=\"tel\"><input size=\"40\" maxlength=\"400\" class=\"wpcf7-form-control wpcf7-tel wpcf7-validates-as-required wpcf7-text wpcf7-validates-as-tel\" aria-required=\"true\" aria-invalid=\"false\" placeholder=\"Telephone*\" value=\"\" type=\"tel\" name=\"tel\" \/><\/span>\n\t\t<\/p>\n\t<\/div>\n\t<div class=\"col-sm-6 col-xs-12\">\n\t\t<p><span class=\"wpcf7-form-control-wrap\" data-name=\"your-email\"><input size=\"40\" maxlength=\"400\" class=\"wpcf7-form-control wpcf7-email wpcf7-validates-as-required wpcf7-text wpcf7-validates-as-email\" aria-required=\"true\" aria-invalid=\"false\" placeholder=\"Email *\" value=\"\" type=\"email\" name=\"your-email\" \/><\/span>\n\t\t<\/p>\n\t<\/div>\n\t<div class=\"col-sm-6 col-xs-12\">\n\t\t<p><span class=\"wpcf7-form-control-wrap\" data-name=\"ogrenc-yas\"><input size=\"40\" maxlength=\"400\" class=\"wpcf7-form-control wpcf7-text wpcf7-validates-as-required\" aria-required=\"true\" aria-invalid=\"false\" placeholder=\"Student&#039;s Age *\" value=\"\" type=\"text\" name=\"ogrenc-yas\" \/><\/span>\n\t\t<\/p>\n\t<\/div>\n\t<div class=\"col-sm-12 col-xs-12\">\n\t\t<p><span class=\"wpcf7-form-control-wrap\" data-name=\"your-message\"><input size=\"40\" maxlength=\"400\" class=\"wpcf7-form-control wpcf7-text\" aria-invalid=\"false\" placeholder=\"Your message\" value=\"\" type=\"text\" name=\"your-message\" \/><\/span>\n\t\t<\/p>\n\t<\/div>\n<\/div>\n<p><span class=\"wpcf7-form-control-wrap\" data-name=\"acceptance-123\"><span class=\"wpcf7-form-control wpcf7-acceptance\"><span class=\"wpcf7-list-item\"><label><input type=\"checkbox\" name=\"acceptance-123\" value=\"1\" aria-invalid=\"false\" \/><span class=\"wpcf7-list-item-label\"><a href=\"https:\/\/chateaukids.com\/en\/acik-riza-onayi\/\" target=\"_blank\"> Explicit Consent Approval<\/a> I have read the form and I accept it.<\/span><\/label><\/span><\/span><\/span><br \/>\n<button type=\"submit\" class=\"stm-btn stm-btn_flat stm-btn_md stm-btn_pink stm-btn_icon-right\"><i class=\"fa fa-paper-plane\" aria-hidden=\"true\" style=\"margin-top:-4px;margin-right:19px\"><\/i> Send<\/button><input class=\"wpcf7-form-control wpcf7-submit has-spinner hidden\" type=\"submit\" value=\"Send\" \/>\n<\/p><input type='hidden' class='wpcf7-pum' value='{\"closepopup\":false,\"closedelay\":0,\"openpopup\":false,\"openpopup_id\":0}' \/><div class=\"wpcf7-response-output\" aria-hidden=\"true\"><\/div>\n<input type=\"hidden\" name=\"trp-form-language\" value=\"en\"\/><\/form>\n<\/div>\n<\/div><\/div><\/div><\/div>\n<\/div>","protected":false},"excerpt":{"rendered":"Frequently Asked Questions What is the ideal age to teach a child a second language other than their mother tongue? The most common and accepted view on this subject is the &quot;Critical Period&quot; Hypothesis. This hypothesis was first put forward by Neurolinguists Penfield and Roberts (1959) and later by Lenneberg (1967). Later research supported this view (Johnson, [...]","protected":false},"author":1,"featured_media":0,"parent":0,"menu_order":0,"comment_status":"closed","ping_status":"closed","template":"","meta":{"_joinchat":[],"footnotes":""},"class_list":["post-1394","page","type-page","status-publish","hentry"],"yoast_head":"<!-- This site is optimized with the Yoast SEO plugin v23.4 - https:\/\/yoast.com\/wordpress\/plugins\/seo\/ -->\n<title>S\u0131k\u00e7a Sorulan Sorular | Ch\u00e2teauKIDS<\/title>\n<meta name=\"robots\" content=\"index, follow, max-snippet:-1, max-image-preview:large, max-video-preview:-1\" \/>\n<link rel=\"canonical\" href=\"https:\/\/chateaukids.com\/en\/sikca-sorulan-sorular\/\" \/>\n<meta property=\"og:locale\" content=\"en_US\" \/>\n<meta property=\"og:type\" content=\"article\" \/>\n<meta property=\"og:title\" content=\"S\u0131k\u00e7a Sorulan Sorular | Ch\u00e2teauKIDS\" \/>\n<meta property=\"og:url\" content=\"https:\/\/chateaukids.com\/en\/sikca-sorulan-sorular\/\" \/>\n<meta property=\"og:site_name\" content=\"Ch\u00e2teauKIDS\" \/>\n<meta property=\"article:modified_time\" content=\"2022-07-22T10:40:37+00:00\" \/>\n<meta name=\"twitter:card\" content=\"summary_large_image\" \/>\n<meta name=\"twitter:label1\" content=\"Est. reading time\" \/>\n\t<meta name=\"twitter:data1\" content=\"6 minutes\" \/>\n<script type=\"application\/ld+json\" class=\"yoast-schema-graph\">{\"@context\":\"https:\/\/schema.org\",\"@graph\":[{\"@type\":\"WebPage\",\"@id\":\"https:\/\/chateaukids.com\/sikca-sorulan-sorular\/\",\"url\":\"https:\/\/chateaukids.com\/sikca-sorulan-sorular\/\",\"name\":\"S\u0131k\u00e7a Sorulan Sorular | Ch\u00e2teauKIDS\",\"isPartOf\":{\"@id\":\"https:\/\/chateaukids.com\/#website\"},\"datePublished\":\"2016-02-17T10:30:04+00:00\",\"dateModified\":\"2022-07-22T10:40:37+00:00\",\"breadcrumb\":{\"@id\":\"https:\/\/chateaukids.com\/sikca-sorulan-sorular\/#breadcrumb\"},\"inLanguage\":\"en-US\",\"potentialAction\":[{\"@type\":\"ReadAction\",\"target\":[\"https:\/\/chateaukids.com\/sikca-sorulan-sorular\/\"]}]},{\"@type\":\"BreadcrumbList\",\"@id\":\"https:\/\/chateaukids.com\/sikca-sorulan-sorular\/#breadcrumb\",\"itemListElement\":[{\"@type\":\"ListItem\",\"position\":1,\"name\":\"Ana sayfa\",\"item\":\"https:\/\/chateaukids.com\/\"},{\"@type\":\"ListItem\",\"position\":2,\"name\":\"S\u0131k\u00e7a Sorulan Sorular\"}]},{\"@type\":\"WebSite\",\"@id\":\"https:\/\/chateaukids.com\/#website\",\"url\":\"https:\/\/chateaukids.com\/\",\"name\":\"Ch\u00e2teauKIDS\",\"description\":\"\",\"potentialAction\":[{\"@type\":\"SearchAction\",\"target\":{\"@type\":\"EntryPoint\",\"urlTemplate\":\"https:\/\/chateaukids.com\/?s={search_term_string}\"},\"query-input\":{\"@type\":\"PropertyValueSpecification\",\"valueRequired\":true,\"valueName\":\"search_term_string\"}}],\"inLanguage\":\"en-US\"}]}<\/script>\n<!-- \/ Yoast SEO plugin. -->","yoast_head_json":{"title":"S\u0131k\u00e7a Sorulan Sorular | Ch\u00e2teauKIDS","robots":{"index":"index","follow":"follow","max-snippet":"max-snippet:-1","max-image-preview":"max-image-preview:large","max-video-preview":"max-video-preview:-1"},"canonical":"https:\/\/chateaukids.com\/en\/sikca-sorulan-sorular\/","og_locale":"en_US","og_type":"article","og_title":"S\u0131k\u00e7a Sorulan Sorular | Ch\u00e2teauKIDS","og_url":"https:\/\/chateaukids.com\/en\/sikca-sorulan-sorular\/","og_site_name":"Ch\u00e2teauKIDS","article_modified_time":"2022-07-22T10:40:37+00:00","twitter_card":"summary_large_image","twitter_misc":{"Est. reading time":"6 minutes"},"schema":{"@context":"https:\/\/schema.org","@graph":[{"@type":"WebPage","@id":"https:\/\/chateaukids.com\/sikca-sorulan-sorular\/","url":"https:\/\/chateaukids.com\/sikca-sorulan-sorular\/","name":"S\u0131k\u00e7a Sorulan Sorular | Ch\u00e2teauKIDS","isPartOf":{"@id":"https:\/\/chateaukids.com\/#website"},"datePublished":"2016-02-17T10:30:04+00:00","dateModified":"2022-07-22T10:40:37+00:00","breadcrumb":{"@id":"https:\/\/chateaukids.com\/sikca-sorulan-sorular\/#breadcrumb"},"inLanguage":"en-US","potentialAction":[{"@type":"ReadAction","target":["https:\/\/chateaukids.com\/sikca-sorulan-sorular\/"]}]},{"@type":"BreadcrumbList","@id":"https:\/\/chateaukids.com\/sikca-sorulan-sorular\/#breadcrumb","itemListElement":[{"@type":"ListItem","position":1,"name":"Ana sayfa","item":"https:\/\/chateaukids.com\/"},{"@type":"ListItem","position":2,"name":"S\u0131k\u00e7a Sorulan Sorular"}]},{"@type":"WebSite","@id":"https:\/\/chateaukids.com\/#website","url":"https:\/\/chateaukids.com\/","name":"Ch\u00e2teauKIDS","description":"","potentialAction":[{"@type":"SearchAction","target":{"@type":"EntryPoint","urlTemplate":"https:\/\/chateaukids.com\/?s={search_term_string}"},"query-input":{"@type":"PropertyValueSpecification","valueRequired":true,"valueName":"search_term_string"}}],"inLanguage":"en-US"}]}},"_links":{"self":[{"href":"https:\/\/chateaukids.com\/en\/wp-json\/wp\/v2\/pages\/1394","targetHints":{"allow":["GET"]}}],"collection":[{"href":"https:\/\/chateaukids.com\/en\/wp-json\/wp\/v2\/pages"}],"about":[{"href":"https:\/\/chateaukids.com\/en\/wp-json\/wp\/v2\/types\/page"}],"author":[{"embeddable":true,"href":"https:\/\/chateaukids.com\/en\/wp-json\/wp\/v2\/users\/1"}],"replies":[{"embeddable":true,"href":"https:\/\/chateaukids.com\/en\/wp-json\/wp\/v2\/comments?post=1394"}],"version-history":[{"count":26,"href":"https:\/\/chateaukids.com\/en\/wp-json\/wp\/v2\/pages\/1394\/revisions"}],"predecessor-version":[{"id":6204,"href":"https:\/\/chateaukids.com\/en\/wp-json\/wp\/v2\/pages\/1394\/revisions\/6204"}],"wp:attachment":[{"href":"https:\/\/chateaukids.com\/en\/wp-json\/wp\/v2\/media?parent=1394"}],"curies":[{"name":"wp","href":"https:\/\/api.w.org\/{rel}","templated":true}]}}