{"id":23,"date":"2015-11-25T07:33:06","date_gmt":"2015-11-25T07:33:06","guid":{"rendered":"https:\/\/smartyschool.stylemixthemes.com\/?page_id=23"},"modified":"2025-06-23T07:40:51","modified_gmt":"2025-06-23T07:40:51","slug":"iletisim","status":"publish","type":"page","link":"https:\/\/chateaukids.com\/en\/iletisim\/","title":{"rendered":"Communication"},"content":{"rendered":"<div class=\"wpb-content-wrapper\"><div class=\"vc_row wpb_row vc_row-fluid\"><div class=\"wpb_column vc_column_container vc_col-sm-12\"><div class=\"vc_column-inner\"><div class=\"wpb_wrapper\"><h1 class=\"stm-title stm-font_color_lilac stm-title_sep_bottom\" style=\"text-align:center;margin-top:5px;margin-bottom:31px\">\n\nCommunication\n<\/h1>\n<div class=\"vc_empty_space\"   style=\"height: 32px\"><span class=\"vc_empty_space_inner\"><\/span><\/div><\/div><\/div><\/div><\/div><div class=\"vc_row wpb_row vc_row-fluid vc_custom_1474971338129\"><div class=\"wpb_column vc_column_container vc_col-sm-6\"><div class=\"vc_column-inner\"><div class=\"wpb_wrapper\"><h4 class=\"stm-title stm-font_color_lilac stm-title_sep_bottom\" style=\"text-align:left;margin-top:-8px;margin-bottom:24px\">\n\nHeadquarters: Ni\u015fanta\u015f\u0131\n<\/h4>\n\n<div class=\"stm-contact-details_box stm-contact-details_type_contact vc_custom_1659016213234\">\n\t<ul class=\"stm-contact-details__items_box\">\n\n\t\t\t\t\t<li class=\"stm-contact-details__item stm-contact-details__item_type_tel\"><span class=\"stm-icon stm-icon-phone\"><\/span> Phone: 0850 532 39 81<\/li>\n\t\t\t\t                    <li class=\"stm-contact-details__item stm-contact-details__item_type_email\"><span class=\"stm-icon stm-icon-mail\"><\/span> <a href=\"mailto:info@chateauegitim.com\">info@chateauegitim.com<\/a><\/li>\n                                                    <li class=\"stm-contact-details__item stm-contact-details__item_type_address\"><span class=\"stm-icon stm-icon-location\"><\/span> Me\u015frutiyet Mah. Rumeli Cad. No:4 D:6 Floor:6 Ni\u015fanta\u015f\u0131 \u015ei\u015fli \/ \u0130stanbul<\/li>\n        \n\t<\/ul>\n\n    <\/div>\n<\/div><\/div><\/div><div class=\"wpb_column vc_column_container vc_col-sm-6\"><div class=\"vc_column-inner\"><div class=\"wpb_wrapper\">\n\t<div class=\"wpb_raw_code wpb_raw_html wpb_content_element\" >\n\t\t<div class=\"wpb_wrapper\">\n\t\t\t<ul class=\"list list_inline\">\n                   <li class=\"list__item\"><a class=\"list__item-link list__item-link_facebook\" href=\"https:\/\/www.facebook.com\/chateauegitim\/?fref=ts\" target=\"_blank\"><i class=\"fa fa-facebook fa-2x fbook\"><\/i><\/a><\/li>&nbsp; &nbsp;\n                 <li class=\"list__item\"><a class=\"list__item-link list__item-link_google-plus\" href=\"https:\/\/www.linkedin.com\/company\/chateauegitim\/\" target=\"_blank\"><i class=\"fa fa-google-plus fa-2x twittr\"><\/i><\/a><\/li>&nbsp; &nbsp;\n                   <li class=\"list__item\"><a class=\"list__item-link list__item-link_youtube\" href=\"https:\/\/www.youtube.com\/channel\/UCWOikDaUSCE3RwaBJURPUyQ\" target=\"_blank\"><i class=\"fa fa-youtube fa-2x youtb\"><\/i><\/a><\/li>&nbsp; &nbsp;\n                   <li class=\"list__item\"><a class=\"list__item-link list__item-link_instagram\" href=\"https:\/\/www.instagram.com\/chateauegitim\/\" target=\"_blank\"><i class=\"fa fa-instagram fa-2x insta\"><\/i><\/a><\/li>\n                    <\/ul>\n\n\t\t<\/div>\n\t<\/div>\n\n\t<div class=\"wpb_text_column wpb_content_element\" >\n\t\t<div class=\"wpb_wrapper\">\n\t\t\t<h5 class=\"vc_custom_heading wpb_animate_when_almost_visible wpb_fadeIn fadeIn vc_custom_1583496958801 wpb_start_animation animated\">You can fill out the form for all your questions, wishes, complaints and suggestions.<\/h5>\n<h5 class=\"vc_custom_heading wpb_animate_when_almost_visible wpb_fadeIn fadeIn wpb_start_animation animated\">We will get back to you as soon as possible.<\/h5>\n\n\t\t<\/div>\n\t<\/div>\n\n<div class=\"wpcf7 no-js\" id=\"wpcf7-f3928-o1\" lang=\"en-US\" dir=\"ltr\">\n<div class=\"screen-reader-response\"><p role=\"status\" aria-live=\"polite\" aria-atomic=\"true\"><\/p> <ul><\/ul><\/div>\n<form action=\"\/en\/wp-json\/wp\/v2\/pages\/23#wpcf7-f3928-o1\" method=\"post\" class=\"wpcf7-form init\" aria-label=\"Contact form\" novalidate=\"novalidate\" data-status=\"init\" data-trp-original-action=\"\/en\/wp-json\/wp\/v2\/pages\/23#wpcf7-f3928-o1\">\n<div style=\"display: none;\">\n<input type=\"hidden\" name=\"_wpcf7\" value=\"3928\" \/>\n<input type=\"hidden\" name=\"_wpcf7_version\" value=\"5.9.8\" \/>\n<input type=\"hidden\" name=\"_wpcf7_locale\" value=\"en_US\" \/>\n<input type=\"hidden\" name=\"_wpcf7_unit_tag\" value=\"wpcf7-f3928-o1\" \/>\n<input type=\"hidden\" name=\"_wpcf7_container_post\" value=\"0\" \/>\n<input type=\"hidden\" name=\"_wpcf7_posted_data_hash\" value=\"\" \/>\n<\/div>\n<div class=\"row\">\n\t<div class=\"col-sm-6 col-xs-12\">\n\t\t<p><span class=\"wpcf7-form-control-wrap\" data-name=\"your-name\"><input size=\"40\" maxlength=\"400\" class=\"wpcf7-form-control wpcf7-text wpcf7-validates-as-required\" aria-required=\"true\" aria-invalid=\"false\" placeholder=\"Your name and your surname *\" value=\"\" type=\"text\" name=\"your-name\" \/><\/span>\n\t\t<\/p>\n\t<\/div>\n\t<div class=\"col-sm-6 col-xs-12\">\n\t\t<p><span class=\"wpcf7-form-control-wrap\" data-name=\"tel\"><input size=\"40\" maxlength=\"400\" class=\"wpcf7-form-control wpcf7-tel wpcf7-validates-as-required wpcf7-text wpcf7-validates-as-tel\" aria-required=\"true\" aria-invalid=\"false\" placeholder=\"Telephone*\" value=\"\" type=\"tel\" name=\"tel\" \/><\/span>\n\t\t<\/p>\n\t<\/div>\n\t<div class=\"col-sm-6 col-xs-12\">\n\t\t<p><span class=\"wpcf7-form-control-wrap\" data-name=\"your-email\"><input size=\"40\" maxlength=\"400\" class=\"wpcf7-form-control wpcf7-email wpcf7-validates-as-required wpcf7-text wpcf7-validates-as-email\" aria-required=\"true\" aria-invalid=\"false\" placeholder=\"Email *\" value=\"\" type=\"email\" name=\"your-email\" \/><\/span>\n\t\t<\/p>\n\t<\/div>\n\t<div class=\"col-sm-6 col-xs-12\">\n\t\t<p><span class=\"wpcf7-form-control-wrap\" data-name=\"ogrenc-yas\"><input size=\"40\" maxlength=\"400\" class=\"wpcf7-form-control wpcf7-text wpcf7-validates-as-required\" aria-required=\"true\" aria-invalid=\"false\" placeholder=\"Student&#039;s Age *\" value=\"\" type=\"text\" name=\"ogrenc-yas\" \/><\/span>\n\t\t<\/p>\n\t<\/div>\n\t<div class=\"col-sm-12 col-xs-12\">\n\t\t<p><span class=\"wpcf7-form-control-wrap\" data-name=\"your-message\"><input size=\"40\" maxlength=\"400\" class=\"wpcf7-form-control wpcf7-text\" aria-invalid=\"false\" placeholder=\"Your message\" value=\"\" type=\"text\" name=\"your-message\" \/><\/span>\n\t\t<\/p>\n\t<\/div>\n<\/div>\n<p><span class=\"wpcf7-form-control-wrap\" data-name=\"acceptance-123\"><span class=\"wpcf7-form-control wpcf7-acceptance\"><span class=\"wpcf7-list-item\"><label><input type=\"checkbox\" name=\"acceptance-123\" value=\"1\" aria-invalid=\"false\" \/><span class=\"wpcf7-list-item-label\"><a href=\"https:\/\/chateaukids.com\/en\/acik-riza-onayi\/\" target=\"_blank\"> Explicit Consent Approval<\/a> I have read the form and I accept it.<\/span><\/label><\/span><\/span><\/span><br \/>\n<button type=\"submit\" class=\"stm-btn stm-btn_flat stm-btn_md stm-btn_pink stm-btn_icon-right\"><i class=\"fa fa-paper-plane\" aria-hidden=\"true\" style=\"margin-top:-4px;margin-right:19px\"><\/i> Send<\/button><input class=\"wpcf7-form-control wpcf7-submit has-spinner hidden\" type=\"submit\" value=\"Send\" \/>\n<\/p><input type='hidden' class='wpcf7-pum' value='{\"closepopup\":false,\"closedelay\":0,\"openpopup\":false,\"openpopup_id\":0}' \/><div class=\"wpcf7-response-output\" aria-hidden=\"true\"><\/div>\n<input type=\"hidden\" name=\"trp-form-language\" value=\"en\"\/><\/form>\n<\/div>\n<\/div><\/div><\/div><\/div><div data-vc-full-width=\"true\" data-vc-full-width-init=\"false\" data-vc-stretch-content=\"true\" class=\"vc_row wpb_row vc_row-fluid vc_row-no-padding\"><div class=\"wpb_column vc_column_container vc_col-sm-12\"><div class=\"vc_column-inner vc_custom_1586540917017\"><div class=\"wpb_wrapper\"><div class=\"vc_wp_text wpb_content_element\"><div class=\"widget widget_text\">\t\t\t<div class=\"textwidget\"><style type=\"text\/css\" id=\"gmpMapStyles_1_97572\">\n\t#google_map_easy_1_97572 {\n        width: 100%;\n        height: 400px;\n\t\t\t\t\t\t    }\n\t#gmapControlsNum_1_97572 {\n\t\twidth:100%\t}\n\t.gmpMapDetailsContainer#gmpMapDetailsContainer_1_97572 {\n\t\theight:400px;\n\t}\n\t.gmp_MapPreview#google_map_easy_1_97572 {\n\t\t\/*position:absolute;*\/\n\t\twidth: 100%;\n\t}\n\t#mapConElem_1_97572{\n\t\twidth: 100%\t}\n    .gm-style .gm-style-iw-c{\n        padding: 12px!important;\n    }\n\t    <\/style>\n<div class=\"gmp_map_opts\" id=\"mapConElem_1_97572\" data-id=\"1\" data-view-id=\"1_97572\" >\n<div class=\"gmpMapDetailsContainer\" id=\"gmpMapDetailsContainer_1_97572\"> <i class=\"gmpKMLLayersPreloader fa fa-spinner fa-spin\" aria-hidden=\"true\" style=\"display: none;\"><\/i> <\/p>\n<div class=\"gmp_MapPreview\" id=\"google_map_easy_1_97572\"><\/div><\/div>\n<div class=\"gmpMapMarkerFilters\" id=\"gmpMapMarkerFilters_1_97572\"> <\/div>\n<div class=\"gmpMapProControlsCon\" id=\"gmpMapProControlsCon_1_97572\"> <a title=\"WP Google Maps\" style=\"display:none;\" href=\"https:\/\/supsystic.com\/plugins\/google-maps-plugin\/?utm_medium=love_link_hide\" target=\"_blank\">WP Google Maps<\/a><\/p>\n<div style=\"clear: both;\"><\/div><\/div>\n<div class=\"gmpMapProDirectionsCon\" id=\"gmpMapProDirectionsCon_1_97572\" > <\/div>\n<div class=\"gmpMapProKmlFilterCon\" id=\"gmpMapProKmlFilterCon_1_97572\" > <\/div>\n<div class=\"gmpSocialSharingShell gmpSocialSharingShell_1_97572\"> <\/div>\n<div style=\"clear: both;\"><\/div><\/div>\n<\/div>\n\t\t<\/div><\/div><\/div><\/div><\/div><\/div><div class=\"vc_row-full-width vc_clearfix\"><\/div>\n<\/div>","protected":false},"excerpt":{"rendered":"\u0130leti\u015fim Merkez: Ni\u015fanta\u015f\u0131 Telefon: 0850 532 39 81 info@chateauegitim.com Me\u015frutiyet Mah. Rumeli Cad. No:4 D:6 Kat:6 Ni\u015fanta\u015f\u0131 \u015ei\u015fli \/ \u0130stanbul &nbsp; &nbsp; &nbsp; &nbsp; &nbsp; &nbsp; T\u00fcm sorular\u0131n\u0131z, dilek, \u015fikayet ve \u00f6nerileriniz i\u00e7in formu doldurabilirsiniz. Size en k\u0131sa s\u00fcrede d\u00f6n\u00fc\u015f sa\u011flayaca\u011f\u0131z. A\u00e7\u0131k R\u0131za Onay\u0131 formunu okudum, kabul ediyorum. G\u00f6nder WP Google Maps","protected":false},"author":1,"featured_media":0,"parent":0,"menu_order":0,"comment_status":"closed","ping_status":"closed","template":"","meta":{"_joinchat":[],"footnotes":""},"class_list":["post-23","page","type-page","status-publish","hentry"],"yoast_head":"<!-- This site is optimized with the Yoast SEO plugin v23.4 - https:\/\/yoast.com\/wordpress\/plugins\/seo\/ -->\n<title>\u0130leti\u015fim | Ch\u00e2teauKIDS<\/title>\n<meta name=\"robots\" content=\"index, follow, max-snippet:-1, max-image-preview:large, max-video-preview:-1\" \/>\n<link rel=\"canonical\" href=\"https:\/\/chateaukids.com\/en\/iletisim\/\" \/>\n<meta property=\"og:locale\" content=\"en_US\" \/>\n<meta property=\"og:type\" content=\"article\" \/>\n<meta property=\"og:title\" content=\"\u0130leti\u015fim | Ch\u00e2teauKIDS\" \/>\n<meta property=\"og:url\" content=\"https:\/\/chateaukids.com\/en\/iletisim\/\" \/>\n<meta property=\"og:site_name\" content=\"Ch\u00e2teauKIDS\" \/>\n<meta property=\"article:modified_time\" content=\"2025-06-23T07:40:51+00:00\" \/>\n<meta name=\"twitter:card\" content=\"summary_large_image\" \/>\n<meta name=\"twitter:label1\" content=\"Est. reading time\" \/>\n\t<meta name=\"twitter:data1\" content=\"1 minute\" \/>\n<script type=\"application\/ld+json\" class=\"yoast-schema-graph\">{\"@context\":\"https:\/\/schema.org\",\"@graph\":[{\"@type\":\"WebPage\",\"@id\":\"https:\/\/chateaukids.com\/iletisim\/\",\"url\":\"https:\/\/chateaukids.com\/iletisim\/\",\"name\":\"\u0130leti\u015fim | Ch\u00e2teauKIDS\",\"isPartOf\":{\"@id\":\"https:\/\/chateaukids.com\/#website\"},\"datePublished\":\"2015-11-25T07:33:06+00:00\",\"dateModified\":\"2025-06-23T07:40:51+00:00\",\"breadcrumb\":{\"@id\":\"https:\/\/chateaukids.com\/iletisim\/#breadcrumb\"},\"inLanguage\":\"en-US\",\"potentialAction\":[{\"@type\":\"ReadAction\",\"target\":[\"https:\/\/chateaukids.com\/iletisim\/\"]}]},{\"@type\":\"BreadcrumbList\",\"@id\":\"https:\/\/chateaukids.com\/iletisim\/#breadcrumb\",\"itemListElement\":[{\"@type\":\"ListItem\",\"position\":1,\"name\":\"Ana sayfa\",\"item\":\"https:\/\/chateaukids.com\/\"},{\"@type\":\"ListItem\",\"position\":2,\"name\":\"\u0130leti\u015fim\"}]},{\"@type\":\"WebSite\",\"@id\":\"https:\/\/chateaukids.com\/#website\",\"url\":\"https:\/\/chateaukids.com\/\",\"name\":\"Ch\u00e2teauKIDS\",\"description\":\"\",\"potentialAction\":[{\"@type\":\"SearchAction\",\"target\":{\"@type\":\"EntryPoint\",\"urlTemplate\":\"https:\/\/chateaukids.com\/?s={search_term_string}\"},\"query-input\":{\"@type\":\"PropertyValueSpecification\",\"valueRequired\":true,\"valueName\":\"search_term_string\"}}],\"inLanguage\":\"en-US\"}]}<\/script>\n<!-- \/ Yoast SEO plugin. -->","yoast_head_json":{"title":"\u0130leti\u015fim | Ch\u00e2teauKIDS","robots":{"index":"index","follow":"follow","max-snippet":"max-snippet:-1","max-image-preview":"max-image-preview:large","max-video-preview":"max-video-preview:-1"},"canonical":"https:\/\/chateaukids.com\/en\/iletisim\/","og_locale":"en_US","og_type":"article","og_title":"\u0130leti\u015fim | Ch\u00e2teauKIDS","og_url":"https:\/\/chateaukids.com\/en\/iletisim\/","og_site_name":"Ch\u00e2teauKIDS","article_modified_time":"2025-06-23T07:40:51+00:00","twitter_card":"summary_large_image","twitter_misc":{"Est. reading time":"1 minute"},"schema":{"@context":"https:\/\/schema.org","@graph":[{"@type":"WebPage","@id":"https:\/\/chateaukids.com\/iletisim\/","url":"https:\/\/chateaukids.com\/iletisim\/","name":"\u0130leti\u015fim | Ch\u00e2teauKIDS","isPartOf":{"@id":"https:\/\/chateaukids.com\/#website"},"datePublished":"2015-11-25T07:33:06+00:00","dateModified":"2025-06-23T07:40:51+00:00","breadcrumb":{"@id":"https:\/\/chateaukids.com\/iletisim\/#breadcrumb"},"inLanguage":"en-US","potentialAction":[{"@type":"ReadAction","target":["https:\/\/chateaukids.com\/iletisim\/"]}]},{"@type":"BreadcrumbList","@id":"https:\/\/chateaukids.com\/iletisim\/#breadcrumb","itemListElement":[{"@type":"ListItem","position":1,"name":"Ana sayfa","item":"https:\/\/chateaukids.com\/"},{"@type":"ListItem","position":2,"name":"\u0130leti\u015fim"}]},{"@type":"WebSite","@id":"https:\/\/chateaukids.com\/#website","url":"https:\/\/chateaukids.com\/","name":"Ch\u00e2teauKIDS","description":"","potentialAction":[{"@type":"SearchAction","target":{"@type":"EntryPoint","urlTemplate":"https:\/\/chateaukids.com\/?s={search_term_string}"},"query-input":{"@type":"PropertyValueSpecification","valueRequired":true,"valueName":"search_term_string"}}],"inLanguage":"en-US"}]}},"_links":{"self":[{"href":"https:\/\/chateaukids.com\/en\/wp-json\/wp\/v2\/pages\/23","targetHints":{"allow":["GET"]}}],"collection":[{"href":"https:\/\/chateaukids.com\/en\/wp-json\/wp\/v2\/pages"}],"about":[{"href":"https:\/\/chateaukids.com\/en\/wp-json\/wp\/v2\/types\/page"}],"author":[{"embeddable":true,"href":"https:\/\/chateaukids.com\/en\/wp-json\/wp\/v2\/users\/1"}],"replies":[{"embeddable":true,"href":"https:\/\/chateaukids.com\/en\/wp-json\/wp\/v2\/comments?post=23"}],"version-history":[{"count":103,"href":"https:\/\/chateaukids.com\/en\/wp-json\/wp\/v2\/pages\/23\/revisions"}],"predecessor-version":[{"id":6670,"href":"https:\/\/chateaukids.com\/en\/wp-json\/wp\/v2\/pages\/23\/revisions\/6670"}],"wp:attachment":[{"href":"https:\/\/chateaukids.com\/en\/wp-json\/wp\/v2\/media?parent=23"}],"curies":[{"name":"wp","href":"https:\/\/api.w.org\/{rel}","templated":true}]}}