{"id":6283,"date":"2023-09-11T08:43:39","date_gmt":"2023-09-11T08:43:39","guid":{"rendered":"https:\/\/chateaukids.com\/?page_id=6283"},"modified":"2023-09-11T08:43:39","modified_gmt":"2023-09-11T08:43:39","slug":"acik-riza-onayi","status":"publish","type":"page","link":"https:\/\/chateaukids.com\/en\/acik-riza-onayi\/","title":{"rendered":"EXPRESS CONSENT APPROVAL"},"content":{"rendered":"<p>I have been provided with the necessary information within the scope of the Personal Data Protection Law No. 6698. In this regard, the crime was committed against me and my parent\/first degree relative with TR ID Number \u2026\u2026\u2026\u2026\u2026\u2026\u2026\u2026\u2026\u2026\u2026\u2026\u2026\u2026\u2026, who is studying at Ch\u00e2teau Educational Institutions. Our visual and audio personal data belonging to the student named \u2026\u2026\u2026\u2026\u2026\u2026; I hereby approve the activities\/events organized within the scope of education and training processes to be shared on the official websites and social media accounts of the central and provincial organizations of the Ministry, including the educational institution where my student is studying, for public sharing and promotion purposes.<\/p>","protected":false},"excerpt":{"rendered":"<p>I have been provided with the necessary information within the scope of the Personal Data Protection Law No. 6698. In this regard, the crime was committed against me and my parent\/first degree relative with TR ID Number \u2026\u2026\u2026\u2026\u2026\u2026\u2026\u2026\u2026\u2026\u2026\u2026\u2026\u2026\u2026, who is studying at Ch\u00e2teau Educational Institutions. Our visual and audio personal data belonging to the student named \u2026\u2026\u2026\u2026\u2026\u2026; For the purpose of public sharing and promotion of activities\/events organized within the scope of education and training processes, [\u2026]<\/p>","protected":false},"author":1,"featured_media":0,"parent":0,"menu_order":0,"comment_status":"closed","ping_status":"closed","template":"","meta":{"_joinchat":[],"footnotes":""},"class_list":["post-6283","page","type-page","status-publish","hentry"],"yoast_head":"<!-- This site is optimized with the Yoast SEO plugin v23.4 - https:\/\/yoast.com\/wordpress\/plugins\/seo\/ -->\n<title>A\u00c7IK RIZA ONAYI | Ch\u00e2teauKIDS<\/title>\n<meta name=\"robots\" content=\"index, follow, max-snippet:-1, max-image-preview:large, max-video-preview:-1\" \/>\n<link rel=\"canonical\" href=\"https:\/\/chateaukids.com\/en\/acik-riza-onayi\/\" \/>\n<meta property=\"og:locale\" content=\"en_US\" \/>\n<meta property=\"og:type\" content=\"article\" \/>\n<meta property=\"og:title\" content=\"A\u00c7IK RIZA ONAYI | Ch\u00e2teauKIDS\" \/>\n<meta property=\"og:description\" content=\"6698 say\u0131l\u0131 Ki\u015fisel Verilerin Korunmas\u0131 Kanunu kapsam\u0131nda taraf\u0131ma gerekli bilgilendirme yap\u0131lm\u0131\u015ft\u0131r. Bu do\u011frultuda ,i\u015flendi\u011fi belirtilen bana ve Ch\u00e2teau E\u011fitim Kurumlar\u0131nda \u00f6\u011frenim g\u00f6ren \u2026\u2026\u2026\u2026\u2026\u2026\u2026\u2026\u2026\u2026\u2026\u2026\u2026\u2026\u2026..T.C Kimlik Numaral\u0131 velisi\/ birinci derece yak\u0131n\u0131 bulundu\u011fum\u2026\u2026\u2026\u2026\u2026\u2026\u2026\u2026\u2026\u2026\u2026\u2026\u2026\u2026\u2026\u2026\u2026\u2026 adl\u0131 \u00f6\u011frenciye ait g\u00f6rsel ve i\u015fitsel ki\u015fisel verilerimiz\u00a0; e\u011fitim ve \u00f6\u011fretim s\u00fcre\u00e7leri kapsam\u0131nda d\u00fczenlenen faaliyet \/etkinliklerin kamu oyu ile payla\u015f\u0131m\u0131 ve tan\u0131t\u0131m amac\u0131yla ,\u00f6\u011frencimin \u00f6\u011frenim [&hellip;]\" \/>\n<meta property=\"og:url\" content=\"https:\/\/chateaukids.com\/en\/acik-riza-onayi\/\" \/>\n<meta property=\"og:site_name\" content=\"Ch\u00e2teauKIDS\" \/>\n<meta name=\"twitter:card\" content=\"summary_large_image\" \/>\n<meta name=\"twitter:label1\" content=\"Est. reading time\" \/>\n\t<meta name=\"twitter:data1\" content=\"1 minute\" \/>\n<script type=\"application\/ld+json\" class=\"yoast-schema-graph\">{\"@context\":\"https:\/\/schema.org\",\"@graph\":[{\"@type\":\"WebPage\",\"@id\":\"https:\/\/chateaukids.com\/acik-riza-onayi\/\",\"url\":\"https:\/\/chateaukids.com\/acik-riza-onayi\/\",\"name\":\"A\u00c7IK RIZA ONAYI | Ch\u00e2teauKIDS\",\"isPartOf\":{\"@id\":\"https:\/\/chateaukids.com\/#website\"},\"datePublished\":\"2023-09-11T08:43:39+00:00\",\"dateModified\":\"2023-09-11T08:43:39+00:00\",\"breadcrumb\":{\"@id\":\"https:\/\/chateaukids.com\/acik-riza-onayi\/#breadcrumb\"},\"inLanguage\":\"en-US\",\"potentialAction\":[{\"@type\":\"ReadAction\",\"target\":[\"https:\/\/chateaukids.com\/acik-riza-onayi\/\"]}]},{\"@type\":\"BreadcrumbList\",\"@id\":\"https:\/\/chateaukids.com\/acik-riza-onayi\/#breadcrumb\",\"itemListElement\":[{\"@type\":\"ListItem\",\"position\":1,\"name\":\"Ana sayfa\",\"item\":\"https:\/\/chateaukids.com\/\"},{\"@type\":\"ListItem\",\"position\":2,\"name\":\"A\u00c7IK RIZA ONAYI\"}]},{\"@type\":\"WebSite\",\"@id\":\"https:\/\/chateaukids.com\/#website\",\"url\":\"https:\/\/chateaukids.com\/\",\"name\":\"Ch\u00e2teauKIDS\",\"description\":\"\",\"potentialAction\":[{\"@type\":\"SearchAction\",\"target\":{\"@type\":\"EntryPoint\",\"urlTemplate\":\"https:\/\/chateaukids.com\/?s={search_term_string}\"},\"query-input\":{\"@type\":\"PropertyValueSpecification\",\"valueRequired\":true,\"valueName\":\"search_term_string\"}}],\"inLanguage\":\"en-US\"}]}<\/script>\n<!-- \/ Yoast SEO plugin. -->","yoast_head_json":{"title":"A\u00c7IK RIZA ONAYI | Ch\u00e2teauKIDS","robots":{"index":"index","follow":"follow","max-snippet":"max-snippet:-1","max-image-preview":"max-image-preview:large","max-video-preview":"max-video-preview:-1"},"canonical":"https:\/\/chateaukids.com\/en\/acik-riza-onayi\/","og_locale":"en_US","og_type":"article","og_title":"A\u00c7IK RIZA ONAYI | Ch\u00e2teauKIDS","og_description":"6698 say\u0131l\u0131 Ki\u015fisel Verilerin Korunmas\u0131 Kanunu kapsam\u0131nda taraf\u0131ma gerekli bilgilendirme yap\u0131lm\u0131\u015ft\u0131r. Bu do\u011frultuda ,i\u015flendi\u011fi belirtilen bana ve Ch\u00e2teau E\u011fitim Kurumlar\u0131nda \u00f6\u011frenim g\u00f6ren \u2026\u2026\u2026\u2026\u2026\u2026\u2026\u2026\u2026\u2026\u2026\u2026\u2026\u2026\u2026..T.C Kimlik Numaral\u0131 velisi\/ birinci derece yak\u0131n\u0131 bulundu\u011fum\u2026\u2026\u2026\u2026\u2026\u2026\u2026\u2026\u2026\u2026\u2026\u2026\u2026\u2026\u2026\u2026\u2026\u2026 adl\u0131 \u00f6\u011frenciye ait g\u00f6rsel ve i\u015fitsel ki\u015fisel verilerimiz\u00a0; e\u011fitim ve \u00f6\u011fretim s\u00fcre\u00e7leri kapsam\u0131nda d\u00fczenlenen faaliyet \/etkinliklerin kamu oyu ile payla\u015f\u0131m\u0131 ve tan\u0131t\u0131m amac\u0131yla ,\u00f6\u011frencimin \u00f6\u011frenim [&hellip;]","og_url":"https:\/\/chateaukids.com\/en\/acik-riza-onayi\/","og_site_name":"Ch\u00e2teauKIDS","twitter_card":"summary_large_image","twitter_misc":{"Est. reading time":"1 minute"},"schema":{"@context":"https:\/\/schema.org","@graph":[{"@type":"WebPage","@id":"https:\/\/chateaukids.com\/acik-riza-onayi\/","url":"https:\/\/chateaukids.com\/acik-riza-onayi\/","name":"A\u00c7IK RIZA ONAYI | Ch\u00e2teauKIDS","isPartOf":{"@id":"https:\/\/chateaukids.com\/#website"},"datePublished":"2023-09-11T08:43:39+00:00","dateModified":"2023-09-11T08:43:39+00:00","breadcrumb":{"@id":"https:\/\/chateaukids.com\/acik-riza-onayi\/#breadcrumb"},"inLanguage":"en-US","potentialAction":[{"@type":"ReadAction","target":["https:\/\/chateaukids.com\/acik-riza-onayi\/"]}]},{"@type":"BreadcrumbList","@id":"https:\/\/chateaukids.com\/acik-riza-onayi\/#breadcrumb","itemListElement":[{"@type":"ListItem","position":1,"name":"Ana sayfa","item":"https:\/\/chateaukids.com\/"},{"@type":"ListItem","position":2,"name":"A\u00c7IK RIZA ONAYI"}]},{"@type":"WebSite","@id":"https:\/\/chateaukids.com\/#website","url":"https:\/\/chateaukids.com\/","name":"Ch\u00e2teauKIDS","description":"","potentialAction":[{"@type":"SearchAction","target":{"@type":"EntryPoint","urlTemplate":"https:\/\/chateaukids.com\/?s={search_term_string}"},"query-input":{"@type":"PropertyValueSpecification","valueRequired":true,"valueName":"search_term_string"}}],"inLanguage":"en-US"}]}},"_links":{"self":[{"href":"https:\/\/chateaukids.com\/en\/wp-json\/wp\/v2\/pages\/6283","targetHints":{"allow":["GET"]}}],"collection":[{"href":"https:\/\/chateaukids.com\/en\/wp-json\/wp\/v2\/pages"}],"about":[{"href":"https:\/\/chateaukids.com\/en\/wp-json\/wp\/v2\/types\/page"}],"author":[{"embeddable":true,"href":"https:\/\/chateaukids.com\/en\/wp-json\/wp\/v2\/users\/1"}],"replies":[{"embeddable":true,"href":"https:\/\/chateaukids.com\/en\/wp-json\/wp\/v2\/comments?post=6283"}],"version-history":[{"count":1,"href":"https:\/\/chateaukids.com\/en\/wp-json\/wp\/v2\/pages\/6283\/revisions"}],"predecessor-version":[{"id":6284,"href":"https:\/\/chateaukids.com\/en\/wp-json\/wp\/v2\/pages\/6283\/revisions\/6284"}],"wp:attachment":[{"href":"https:\/\/chateaukids.com\/en\/wp-json\/wp\/v2\/media?parent=6283"}],"curies":[{"name":"wp","href":"https:\/\/api.w.org\/{rel}","templated":true}]}}