{"id":1394,"date":"2016-02-17T10:30:04","date_gmt":"2016-02-17T10:30:04","guid":{"rendered":"https:\/\/smartyschool.stylemixthemes.com\/?page_id=1394"},"modified":"2022-07-22T10:40:37","modified_gmt":"2022-07-22T10:40:37","slug":"sikca-sorulan-sorular","status":"publish","type":"page","link":"https:\/\/chateaukids.com\/fr\/sikca-sorulan-sorular\/","title":{"rendered":"Questions fr\u00e9quemment pos\u00e9es"},"content":{"rendered":"<div class=\"wpb-content-wrapper\"><div class=\"vc_row wpb_row vc_row-fluid vc_custom_1475047954336\"><div class=\"wpb_column vc_column_container vc_col-sm-12 vc_col-lg-12 vc_col-md-12 vc_col-xs-12\"><div class=\"vc_column-inner\"><div class=\"wpb_wrapper\"><h1 class=\"stm-title stm-font_color_lilac stm-title_sep_bottom\" style=\"text-align:left;margin-top:5px;margin-bottom:31px\">\n\nQuestions fr\u00e9quemment pos\u00e9es\n<\/h1>\n<div  class=\"vc_do_toggle vc_toggle vc_toggle_default vc_toggle_color_default  vc_toggle_size_sm\"><div class=\"vc_toggle_title\"><h4>Quel est l\u2019\u00e2ge id\u00e9al pour enseigner \u00e0 un enfant une deuxi\u00e8me langue en dehors de sa langue maternelle ?<\/h4><i class=\"vc_toggle_icon\"><\/i><\/div><div class=\"vc_toggle_content\"><p><span style=\"display: block; letter-spacing: -0.35px; font-family: helvetica, arial, sans-serif; font-size: 12pt;\">Le point de vue le plus courant et accept\u00e9 sur ce sujet est l\u2019hypoth\u00e8se de la \u00ab p\u00e9riode critique \u00bb. Cette hypoth\u00e8se a \u00e9t\u00e9 avanc\u00e9e pour la premi\u00e8re fois par les neurolinguistes Penfield et Roberts (1959), puis par Lenneberg (1967). Des recherches ult\u00e9rieures ont confort\u00e9 ce point de vue (Johnson, 1992 ; Johnson &amp; Newport, 1989 ; Oyama, 1976 ; Patkowski, 1980, 1994). Selon ce point de vue, il existe une p\u00e9riode critique pour l\u2019apprentissage d\u2019une langue seconde. Il n\u2019est pas impossible d\u2019apprendre une deuxi\u00e8me langue apr\u00e8s cette p\u00e9riode. Cependant, il n\u2019est pas possible d\u2019apprendre une deuxi\u00e8me langue avec les m\u00eames comp\u00e9tences.<\/span><\/p>\n<p><span style=\"font-family: helvetica, arial, sans-serif; font-size: 12pt;\">Ce point de vue repose sur le d\u00e9veloppement du cerveau. Il est soulign\u00e9 que la p\u00e9riode id\u00e9ale se situe entre 2 ans et l'adolescence, car le cerveau n'est pas compl\u00e8tement d\u00e9velopp\u00e9 avant l'\u00e2ge de 2 ans, et apr\u00e8s l'adolescence, le cerveau devient plus mature, les cerveaux droit et gauche ach\u00e8vent leur d\u00e9veloppement et la mall\u00e9abilit\u00e9 du cerveau diminue. Il existe diff\u00e9rentes opinions concernant cette tranche d\u2019\u00e2ge.\u00a0Selon Krashen (1973), la p\u00e9riode critique se situe entre 2 et 5 ans, selon Pinker (1994), jusqu'\u00e0 6 ans, selon Lenneberg (1967), jusqu'\u00e0 12 ans, et selon Johnson et Newport (1989, 1991), c'est jusqu'\u00e0 l'\u00e2ge de 15 ans. <strong>En bref, la recherche soutient que, en termes de d\u00e9veloppement c\u00e9r\u00e9bral et de th\u00e9ories de l\u2019apprentissage, la comp\u00e9tence dans l\u2019apprentissage d\u2019une langue seconde diminue avec l\u2019\u00e2ge.<\/strong><\/span><\/p>\n<p><span style=\"font-family: helvetica, arial, sans-serif; font-size: 12pt;\">On peut dire que l\u2019\u00e2ge id\u00e9al pour apprendre une langue seconde est la petite enfance et la pr\u00e9adolescence. <strong>Plus un enfant est expos\u00e9 t\u00f4t \u00e0 une langue seconde, plus il lui sera facile d\u2019apprendre et de l\u2019utiliser couramment.<\/strong><\/span><\/p>\n<\/div><\/div><div  class=\"vc_do_toggle vc_toggle vc_toggle_default vc_toggle_color_default  vc_toggle_size_sm\"><div class=\"vc_toggle_title\"><h4>Est-ce que communiquer bilinguement avec un b\u00e9b\u00e9 qui n'a pas encore commenc\u00e9 \u00e0 parler est pr\u00e9judiciable au d\u00e9veloppement du langage de l'enfant ? Est-ce que cela d\u00e9clin son discours ?<\/h4><i class=\"vc_toggle_icon\"><\/i><\/div><div class=\"vc_toggle_content\"><p><span style=\"display: block; letter-spacing: -0.35px; font-family: helvetica, arial, sans-serif; font-size: 12pt;\">Il n\u2019y a aucun mal \u00e0 ce que les enfants dont les parents parlent des langues maternelles diff\u00e9rentes soient expos\u00e9s \u00e0 deux langues d\u00e8s la naissance. Auparavant, certaines id\u00e9es fausses circulaient selon lesquelles l'apprentissage d'une langue seconde d\u00e9routait l'enfant et ralentissait d'autres domaines de d\u00e9veloppement. En revanche, les enfants bilingues ont des comp\u00e9tences cognitives plus d\u00e9velopp\u00e9es, peuvent se concentrer plus facilement sur une t\u00e2che et r\u00e9ussissent mieux sur le plan scolaire.<\/span><\/p>\n<p><span style=\"font-family: helvetica, arial, sans-serif; font-size: 12pt;\">Ces enfants apprennent spontan\u00e9ment deux langues. Ils ne font pas d'effort particulier pour apprendre la langue. <strong>Les recherches soulignent que l'exposition \u00e0 une langue seconde avant l'\u00e2ge de 5 ans se produit selon un processus plus naturel en termes de m\u00e9canisme d'apprentissage des langues du cerveau.<\/strong> Ces enfants codent les deux langues dans leur cerveau et peuvent spontan\u00e9ment basculer entre les deux langues. <strong>D\u2019un autre c\u00f4t\u00e9, il se peut que ces enfants commencent \u00e0 parler un peu plus tard en raison de ce processus de codage, mais ce n\u2019est pas pr\u00e9occupant, bien au contraire, c\u2019est un processus naturel.<\/strong><\/span><\/p>\n<p><span style=\"display: block; letter-spacing: -0.35px; font-family: helvetica, arial, sans-serif; font-size: 12pt;\">\u00a0<\/span><\/p>\n<\/div><\/div><div  class=\"vc_do_toggle vc_toggle vc_toggle_default vc_toggle_color_default  vc_toggle_size_sm\"><div class=\"vc_toggle_title\"><h4>Un enfant peut-il apprendre deux langues en m\u00eame temps ?<\/h4><i class=\"vc_toggle_icon\"><\/i><\/div><div class=\"vc_toggle_content\"><p><span style=\"display: block; letter-spacing: -0.35px; font-family: helvetica, arial, sans-serif; font-size: 12pt;\">Ce processus est diff\u00e9rent si la langue maternelle de la m\u00e8re et du p\u00e8re est la m\u00eame et qu'ils souhaitent que leurs enfants apprennent une deuxi\u00e8me langue. Si les parents ont des langues maternelles diff\u00e9rentes et que chacun communique avec l'enfant dans sa propre langue, l'enfant code les deux langues s\u00e9par\u00e9ment dans son cerveau. Cependant, si les deux parents parlent la m\u00eame langue maternelle et parlent occasionnellement la deuxi\u00e8me langue et que leur accent n'est pas tr\u00e8s bon, l'enfant ne fera que d\u00e9velopper une pr\u00e9disposition \u00e0 la deuxi\u00e8me langue parl\u00e9e. <strong>Dans ce cas, il serait plus avantageux d\u2019\u00eatre expos\u00e9 \u00e0 la langue seconde apr\u00e8s l\u2019\u00e2ge de 2 ans. Car jusqu\u2019\u00e0 cet \u00e2ge, il n\u2019est pas important pour l\u2019enfant d\u2019apprendre une deuxi\u00e8me langue, mais d\u2019\u00e9tablir un lien affectif avec l\u2019adulte et de se sentir en s\u00e9curit\u00e9. En d\u2019autres termes, les enfants peuvent \u00eatre expos\u00e9s \u00e0 la langue seconde par le biais de chansons, mais il n\u2019est pas n\u00e9cessaire d\u2019essayer de l\u2019enseigner. Apr\u00e8s l\u2019\u00e2ge de 3 ans, une langue seconde peut s\u2019apprendre en jouant \u00e0 la maternelle.<\/strong> Les enfants qui grandissent enclins aux langues secondes apprendront la langue seconde plus facilement \u00e0 l\u2019\u00e9cole.<\/span><\/p>\n<p><span style=\"display: block; letter-spacing: -0.35px; font-family: helvetica, arial, sans-serif; font-size: 12pt;\">\u00a0<\/span><\/p>\n<\/div><\/div><div  class=\"vc_do_toggle vc_toggle vc_toggle_default vc_toggle_color_default  vc_toggle_size_sm\"><div class=\"vc_toggle_title\"><h4>Quels avantages apporte l\u2019enseignement des langues d\u00e8s le plus jeune \u00e2ge ?<\/h4><i class=\"vc_toggle_icon\"><\/i><\/div><div class=\"vc_toggle_content\"><p><span style=\"display: block; letter-spacing: -0.35px; font-family: helvetica, arial, sans-serif; font-size: 12pt;\"><strong>\u00catre expos\u00e9 \u00e0 des chansons et \u00e0 des histoires dans la langue seconde d\u00e8s la petite enfance rend l\u2019apprentissage de la langue plus confortable.<\/strong> Pendant cette p\u00e9riode, comme le cerveau est nouvellement form\u00e9 et que les cerveaux droit et gauche n\u2019ont pas m\u00fbri, il peut apprendre plus naturellement sans difficult\u00e9 ni grand effort. Peut utiliser la langue seconde avec plus de fluidit\u00e9.<\/span><\/p>\n<p><span style=\"display: block; letter-spacing: -0.35px; font-family: helvetica, arial, sans-serif; font-size: 12pt;\">\u00a0<\/span><\/p>\n<\/div><\/div><div  class=\"vc_do_toggle vc_toggle vc_toggle_default vc_toggle_color_default  vc_toggle_size_sm\"><div class=\"vc_toggle_title\"><h4>Quelle m\u00e9thode les familles doit suivre lorsqu\u2019elles souhaitent que leurs enfants  apprennent une langue \u00e9trang\u00e8re avant l\u2019\u00e9cole maternelle ?<\/h4><i class=\"vc_toggle_icon\"><\/i><\/div><div class=\"vc_toggle_content\"><p><span style=\"display: block; letter-spacing: -0.35px; font-family: helvetica, arial, sans-serif; font-size: 12pt;\">Le d\u00e9sir des parents d'enseigner une langue seconde ne devrait pas les amener \u00e0 n\u00e9gliger le d\u00e9veloppement affectif et social de l'enfant. Ce serait peut-\u00eatre une mauvaise d\u00e9cision d\u2019inscrire un enfant \u00e0 la maternelle avant qu\u2019il ne soit pr\u00eat \u00e0 y entrer, surtout dans une \u00e9cole bilingue. <strong>Le d\u00e9veloppement \u00e9motionnel de l\u2019enfant, ses liens \u00e9motionnels et son sentiment de s\u00e9curit\u00e9 sont primordiaux.<\/strong> Si nous nous concentrons sur l\u2019apprentissage des langues et n\u00e9gligeons le d\u00e9veloppement \u00e9motionnel de l\u2019enfant, il y aura un retard dans son d\u00e9veloppement et sa psychologie pourrait se d\u00e9t\u00e9riorer.<\/span><\/p>\n<p><span style=\"font-family: helvetica, arial, sans-serif; font-size: 12pt;\">C'est pour cette raison, sans trop insister sur la langue seconde, l'enfant peut \u00eatre expos\u00e9 \u00e0 la langue seconde par le jeu, en tenant compte de son aptitude pour la langue. Si la deuxi\u00e8me langue doit \u00eatre apprise \u00e0 la maternelle, l'enfant doit fr\u00e9quenter une \u00e9cole maternelle normale pendant la premi\u00e8re ann\u00e9e pour d\u00e9velopper sa confiance en lui et s'habituer \u00e0 l'\u00e9cole. En deuxi\u00e8me ann\u00e9e de maternelle ou de cr\u00e8che, le d\u00e9veloppement g\u00e9n\u00e9ral de l'enfant peut \u00eatre \u00e9valu\u00e9 et il peut \u00eatre envoy\u00e9 dans une \u00e9cole maternelle bilingue. Le d\u00e9veloppement de chaque enfant \u00e9tant diff\u00e9rent, il serait plus sain de se faire accompagner par un p\u00e9dagogue expert.<\/span><\/p>\n<p><span style=\"display: block; letter-spacing: -0.35px; font-family: helvetica, arial, sans-serif; font-size: 12pt;\">\u00a0<\/span><\/p>\n<\/div><\/div><div  class=\"vc_do_toggle vc_toggle vc_toggle_default vc_toggle_color_default  vc_toggle_size_sm\"><div class=\"vc_toggle_title\"><h4>Dans quels cas ne faut-il pas enseigner une deuxi\u00e8me langue ?<\/h4><i class=\"vc_toggle_icon\"><\/i><\/div><div class=\"vc_toggle_content\"><p><span style=\"display: block; letter-spacing: -0.35px; font-family: helvetica, arial, sans-serif; font-size: 12pt;\">Si l\u2019enfant a des probl\u00e8mes \u00e9motionnels ou des retards de d\u00e9veloppement, la priorit\u00e9 devrait \u00eatre son d\u00e9veloppement. Les enfants qui grandissent isol\u00e9s entre quatre murs sans socialisation ne peuvent pas communiquer m\u00eame dans leur langue maternelle, encore moins dans leur seconde langue. Il existe de s\u00e9rieux probl\u00e8mes dans leur d\u00e9veloppement. Beaucoup de ces enfants re\u00e7oivent un diagnostic de trouble envahissant du d\u00e9veloppement. Les enfants avec ce diagnostic ne peuvent de toute fa\u00e7on pas apprendre la langue seconde, et essayer d\u2019enseigner la langue seconde am\u00e8ne ces enfants \u00e0 devenir plus renferm\u00e9s et \u00e0 se fermer \u00e0 l\u2019apprentissage. Chez l'enfant ayant un d\u00e9veloppement normal, il suffit que l'enfant ait un attachement sain \u00e0 un adulte (m\u00e8re, soignante, etc.), qu'il puisse s'exprimer confortablement et qu'il ait confiance en lui. Les parents peuvent progressivement aider leurs enfants \u00e0 d\u00e9velopper leurs comp\u00e9tences en langue seconde avant la maternelle gr\u00e2ce \u00e0 des chansons, des histoires et des dessins anim\u00e9s pour enfants.<\/span><\/p>\n<p><span style=\"display: block; letter-spacing: -0.35px; font-family: helvetica, arial, sans-serif; font-size: 12pt;\">\u00a0<\/span><\/p>\n<\/div><\/div><div class=\"vc_empty_space\"   style=\"height: 32px\"><span class=\"vc_empty_space_inner\"><\/span><\/div><h5 class=\"stm-title stm-font_color_lilac stm-title_sep_bottom\" style=\"text-align:left;margin-bottom:17px\">\n\nSi vous ne trouver pas la r\u00e9ponse de votre question ci-dessus, vous pouvez nous contacter.\n<\/h5>\n\n\t<div class=\"wpb_text_column wpb_content_element vc_custom_1586425857552\" >\n\t\t<div class=\"wpb_wrapper\">\n\t\t\t<p><span style=\"display: block; letter-spacing: -0.35px; font-size: 18px; color: #595959;\">Nous vous r\u00e9pondrons dans les plus brefs d\u00e9lais.<\/span><\/p>\n\n\t\t<\/div>\n\t<\/div>\n\n<div class=\"wpcf7 no-js\" id=\"wpcf7-f3928-o1\" lang=\"en-US\" dir=\"ltr\">\n<div class=\"screen-reader-response\"><p role=\"status\" aria-live=\"polite\" aria-atomic=\"true\"><\/p> <ul><\/ul><\/div>\n<form action=\"\/fr\/wp-json\/wp\/v2\/pages\/1394#wpcf7-f3928-o1\" method=\"post\" class=\"wpcf7-form init\" aria-label=\"formulaire de contact\" novalidate=\"novalidate\" data-status=\"init\" data-trp-original-action=\"\/fr\/wp-json\/wp\/v2\/pages\/1394#wpcf7-f3928-o1\">\n<div style=\"display: none;\">\n<input type=\"hidden\" name=\"_wpcf7\" value=\"3928\" \/>\n<input type=\"hidden\" name=\"_wpcf7_version\" value=\"5.9.8\" \/>\n<input type=\"hidden\" name=\"_wpcf7_locale\" value=\"en_US\" \/>\n<input type=\"hidden\" name=\"_wpcf7_unit_tag\" value=\"wpcf7-f3928-o1\" \/>\n<input type=\"hidden\" name=\"_wpcf7_container_post\" value=\"0\" \/>\n<input type=\"hidden\" name=\"_wpcf7_posted_data_hash\" value=\"\" \/>\n<\/div>\n<div class=\"row\">\n\t<div class=\"col-sm-6 col-xs-12\">\n\t\t<p><span class=\"wpcf7-form-control-wrap\" data-name=\"your-name\"><input size=\"40\" maxlength=\"400\" class=\"wpcf7-form-control wpcf7-text wpcf7-validates-as-required\" aria-required=\"true\" aria-invalid=\"false\" placeholder=\"Votre nom et votre pr\u00e9nom *\" value=\"\" type=\"text\" name=\"your-name\" \/><\/span>\n\t\t<\/p>\n\t<\/div>\n\t<div class=\"col-sm-6 col-xs-12\">\n\t\t<p><span class=\"wpcf7-form-control-wrap\" data-name=\"tel\"><input size=\"40\" maxlength=\"400\" class=\"wpcf7-form-control wpcf7-tel wpcf7-validates-as-required wpcf7-text wpcf7-validates-as-tel\" aria-required=\"true\" aria-invalid=\"false\" placeholder=\"T\u00e9l\u00e9phone\" value=\"\" type=\"tel\" name=\"tel\" \/><\/span>\n\t\t<\/p>\n\t<\/div>\n\t<div class=\"col-sm-6 col-xs-12\">\n\t\t<p><span class=\"wpcf7-form-control-wrap\" data-name=\"your-email\"><input size=\"40\" maxlength=\"400\" class=\"wpcf7-form-control wpcf7-email wpcf7-validates-as-required wpcf7-text wpcf7-validates-as-email\" aria-required=\"true\" aria-invalid=\"false\" placeholder=\"e-mail\" value=\"\" type=\"email\" name=\"your-email\" \/><\/span>\n\t\t<\/p>\n\t<\/div>\n\t<div class=\"col-sm-6 col-xs-12\">\n\t\t<p><span class=\"wpcf7-form-control-wrap\" data-name=\"ogrenc-yas\"><input size=\"40\" maxlength=\"400\" class=\"wpcf7-form-control wpcf7-text wpcf7-validates-as-required\" aria-required=\"true\" aria-invalid=\"false\" placeholder=\"l&#039;\u00e2ge de l&#039;\u00e9tudiant\" value=\"\" type=\"text\" name=\"ogrenc-yas\" \/><\/span>\n\t\t<\/p>\n\t<\/div>\n\t<div class=\"col-sm-12 col-xs-12\">\n\t\t<p><span class=\"wpcf7-form-control-wrap\" data-name=\"your-message\"><input size=\"40\" maxlength=\"400\" class=\"wpcf7-form-control wpcf7-text\" aria-invalid=\"false\" placeholder=\"Votre message\" value=\"\" type=\"text\" name=\"your-message\" \/><\/span>\n\t\t<\/p>\n\t<\/div>\n<\/div>\n<p><span class=\"wpcf7-form-control-wrap\" data-name=\"acceptance-123\"><span class=\"wpcf7-form-control wpcf7-acceptance\"><span class=\"wpcf7-list-item\"><label><input type=\"checkbox\" name=\"acceptance-123\" value=\"1\" aria-invalid=\"false\" \/><span class=\"wpcf7-list-item-label\"><a href=\"https:\/\/chateaukids.com\/fr\/acik-riza-onayi\/\" target=\"_blank\"> Approbation expresse du consentement<\/a> J'ai lu le formulaire et je l'accepte.<\/span><\/label><\/span><\/span><\/span><br \/>\n<button type=\"submit\" class=\"stm-btn stm-btn_flat stm-btn_md stm-btn_pink stm-btn_icon-right\"><i class=\"fa fa-paper-plane\" aria-hidden=\"true\" style=\"margin-top:-4px;margin-right:19px\"><\/i> Envoyer<\/button><input class=\"wpcf7-form-control wpcf7-submit has-spinner hidden\" type=\"submit\" value=\"Envoyer\" \/>\n<\/p><input type='hidden' class='wpcf7-pum' value='{\"closepopup\":false,\"closedelay\":0,\"openpopup\":false,\"openpopup_id\":0}' \/><div class=\"wpcf7-response-output\" aria-hidden=\"true\"><\/div>\n<input type=\"hidden\" name=\"trp-form-language\" value=\"fr\"\/><\/form>\n<\/div>\n<\/div><\/div><\/div><\/div>\n<\/div>","protected":false},"excerpt":{"rendered":"Foire aux questions Quel est l&#039;\u00e2ge id\u00e9al pour enseigner \u00e0 un enfant une langue seconde autre que sa langue maternelle ? L&#039;hypoth\u00e8se la plus courante et la plus accept\u00e9e \u00e0 ce sujet est l&#039;hypoth\u00e8se de la \u00ab p\u00e9riode critique \u00bb. Cette hypoth\u00e8se a \u00e9t\u00e9 avanc\u00e9e pour la premi\u00e8re fois par les neurolinguistes Penfield et Roberts (1959), puis par Lenneberg (1967). Des recherches ult\u00e9rieures ont corrobor\u00e9 ce point de vue (Johnson, [...]","protected":false},"author":1,"featured_media":0,"parent":0,"menu_order":0,"comment_status":"closed","ping_status":"closed","template":"","meta":{"_joinchat":[],"footnotes":""},"class_list":["post-1394","page","type-page","status-publish","hentry"],"yoast_head":"<!-- This site is optimized with the Yoast SEO plugin v23.4 - https:\/\/yoast.com\/wordpress\/plugins\/seo\/ -->\n<title>S\u0131k\u00e7a Sorulan Sorular | Ch\u00e2teauKIDS<\/title>\n<meta name=\"robots\" content=\"index, follow, max-snippet:-1, max-image-preview:large, max-video-preview:-1\" \/>\n<link rel=\"canonical\" href=\"https:\/\/chateaukids.com\/fr\/sikca-sorulan-sorular\/\" \/>\n<meta property=\"og:locale\" content=\"fr_FR\" \/>\n<meta property=\"og:type\" content=\"article\" \/>\n<meta property=\"og:title\" content=\"S\u0131k\u00e7a Sorulan Sorular | Ch\u00e2teauKIDS\" \/>\n<meta property=\"og:url\" content=\"https:\/\/chateaukids.com\/fr\/sikca-sorulan-sorular\/\" \/>\n<meta property=\"og:site_name\" content=\"Ch\u00e2teauKIDS\" \/>\n<meta property=\"article:modified_time\" content=\"2022-07-22T10:40:37+00:00\" \/>\n<meta name=\"twitter:card\" content=\"summary_large_image\" \/>\n<meta name=\"twitter:label1\" content=\"Dur\u00e9e de lecture estim\u00e9e\" \/>\n\t<meta name=\"twitter:data1\" content=\"6 minutes\" \/>\n<script type=\"application\/ld+json\" class=\"yoast-schema-graph\">{\"@context\":\"https:\/\/schema.org\",\"@graph\":[{\"@type\":\"WebPage\",\"@id\":\"https:\/\/chateaukids.com\/sikca-sorulan-sorular\/\",\"url\":\"https:\/\/chateaukids.com\/sikca-sorulan-sorular\/\",\"name\":\"S\u0131k\u00e7a Sorulan Sorular | Ch\u00e2teauKIDS\",\"isPartOf\":{\"@id\":\"https:\/\/chateaukids.com\/#website\"},\"datePublished\":\"2016-02-17T10:30:04+00:00\",\"dateModified\":\"2022-07-22T10:40:37+00:00\",\"breadcrumb\":{\"@id\":\"https:\/\/chateaukids.com\/sikca-sorulan-sorular\/#breadcrumb\"},\"inLanguage\":\"fr-FR\",\"potentialAction\":[{\"@type\":\"ReadAction\",\"target\":[\"https:\/\/chateaukids.com\/sikca-sorulan-sorular\/\"]}]},{\"@type\":\"BreadcrumbList\",\"@id\":\"https:\/\/chateaukids.com\/sikca-sorulan-sorular\/#breadcrumb\",\"itemListElement\":[{\"@type\":\"ListItem\",\"position\":1,\"name\":\"Ana sayfa\",\"item\":\"https:\/\/chateaukids.com\/\"},{\"@type\":\"ListItem\",\"position\":2,\"name\":\"S\u0131k\u00e7a Sorulan Sorular\"}]},{\"@type\":\"WebSite\",\"@id\":\"https:\/\/chateaukids.com\/#website\",\"url\":\"https:\/\/chateaukids.com\/\",\"name\":\"Ch\u00e2teauKIDS\",\"description\":\"\",\"potentialAction\":[{\"@type\":\"SearchAction\",\"target\":{\"@type\":\"EntryPoint\",\"urlTemplate\":\"https:\/\/chateaukids.com\/?s={search_term_string}\"},\"query-input\":{\"@type\":\"PropertyValueSpecification\",\"valueRequired\":true,\"valueName\":\"search_term_string\"}}],\"inLanguage\":\"fr-FR\"}]}<\/script>\n<!-- \/ Yoast SEO plugin. -->","yoast_head_json":{"title":"S\u0131k\u00e7a Sorulan Sorular | Ch\u00e2teauKIDS","robots":{"index":"index","follow":"follow","max-snippet":"max-snippet:-1","max-image-preview":"max-image-preview:large","max-video-preview":"max-video-preview:-1"},"canonical":"https:\/\/chateaukids.com\/fr\/sikca-sorulan-sorular\/","og_locale":"fr_FR","og_type":"article","og_title":"S\u0131k\u00e7a Sorulan Sorular | Ch\u00e2teauKIDS","og_url":"https:\/\/chateaukids.com\/fr\/sikca-sorulan-sorular\/","og_site_name":"Ch\u00e2teauKIDS","article_modified_time":"2022-07-22T10:40:37+00:00","twitter_card":"summary_large_image","twitter_misc":{"Dur\u00e9e de lecture estim\u00e9e":"6 minutes"},"schema":{"@context":"https:\/\/schema.org","@graph":[{"@type":"WebPage","@id":"https:\/\/chateaukids.com\/sikca-sorulan-sorular\/","url":"https:\/\/chateaukids.com\/sikca-sorulan-sorular\/","name":"S\u0131k\u00e7a Sorulan Sorular | Ch\u00e2teauKIDS","isPartOf":{"@id":"https:\/\/chateaukids.com\/#website"},"datePublished":"2016-02-17T10:30:04+00:00","dateModified":"2022-07-22T10:40:37+00:00","breadcrumb":{"@id":"https:\/\/chateaukids.com\/sikca-sorulan-sorular\/#breadcrumb"},"inLanguage":"fr-FR","potentialAction":[{"@type":"ReadAction","target":["https:\/\/chateaukids.com\/sikca-sorulan-sorular\/"]}]},{"@type":"BreadcrumbList","@id":"https:\/\/chateaukids.com\/sikca-sorulan-sorular\/#breadcrumb","itemListElement":[{"@type":"ListItem","position":1,"name":"Ana sayfa","item":"https:\/\/chateaukids.com\/"},{"@type":"ListItem","position":2,"name":"S\u0131k\u00e7a Sorulan Sorular"}]},{"@type":"WebSite","@id":"https:\/\/chateaukids.com\/#website","url":"https:\/\/chateaukids.com\/","name":"Ch\u00e2teauKIDS","description":"","potentialAction":[{"@type":"SearchAction","target":{"@type":"EntryPoint","urlTemplate":"https:\/\/chateaukids.com\/?s={search_term_string}"},"query-input":{"@type":"PropertyValueSpecification","valueRequired":true,"valueName":"search_term_string"}}],"inLanguage":"fr-FR"}]}},"_links":{"self":[{"href":"https:\/\/chateaukids.com\/fr\/wp-json\/wp\/v2\/pages\/1394","targetHints":{"allow":["GET"]}}],"collection":[{"href":"https:\/\/chateaukids.com\/fr\/wp-json\/wp\/v2\/pages"}],"about":[{"href":"https:\/\/chateaukids.com\/fr\/wp-json\/wp\/v2\/types\/page"}],"author":[{"embeddable":true,"href":"https:\/\/chateaukids.com\/fr\/wp-json\/wp\/v2\/users\/1"}],"replies":[{"embeddable":true,"href":"https:\/\/chateaukids.com\/fr\/wp-json\/wp\/v2\/comments?post=1394"}],"version-history":[{"count":26,"href":"https:\/\/chateaukids.com\/fr\/wp-json\/wp\/v2\/pages\/1394\/revisions"}],"predecessor-version":[{"id":6204,"href":"https:\/\/chateaukids.com\/fr\/wp-json\/wp\/v2\/pages\/1394\/revisions\/6204"}],"wp:attachment":[{"href":"https:\/\/chateaukids.com\/fr\/wp-json\/wp\/v2\/media?parent=1394"}],"curies":[{"name":"wp","href":"https:\/\/api.w.org\/{rel}","templated":true}]}}