{"id":6283,"date":"2023-09-11T08:43:39","date_gmt":"2023-09-11T08:43:39","guid":{"rendered":"https:\/\/chateaukids.com\/?page_id=6283"},"modified":"2023-09-11T08:43:39","modified_gmt":"2023-09-11T08:43:39","slug":"acik-riza-onayi","status":"publish","type":"page","link":"https:\/\/chateaukids.com\/fr\/acik-riza-onayi\/","title":{"rendered":"APPROBATION DE CONSENTEMENT EXPRESS"},"content":{"rendered":"<p>J&#039;ai re\u00e7u les informations n\u00e9cessaires dans le cadre de la loi sur la protection des donn\u00e9es personnelles n\u00b0 6698. \u00c0 cet \u00e9gard, le crime a \u00e9t\u00e9 commis contre moi et mon parent\/parent au premier degr\u00e9 portant le num\u00e9ro TR ID \u2026\u2026\u2026\u2026\u2026\u2026\u2026\u2026\u2026\u2026\u2026\u2026\u2026\u2026\u2026, qui \u00e9tudie dans les \u00e9tablissements d&#039;enseignement de Ch\u00e2teau. Notre personnel visuel et audio les donn\u00e9es appartenant \u00e0 l&#039;\u00e9tudiant nomm\u00e9 \u2026\u2026\u2026\u2026\u2026\u2026 ; J&#039;approuve par la pr\u00e9sente que les activit\u00e9s\/\u00e9v\u00e9nements organis\u00e9s dans le cadre des processus d&#039;\u00e9ducation et de formation soient partag\u00e9s sur les sites Web officiels et les comptes de m\u00e9dias sociaux des organisations centrales et provinciales du minist\u00e8re, y compris l&#039;\u00e9tablissement d&#039;enseignement o\u00f9 mon \u00e9tudiant \u00e9tudie, pour partage public. et \u00e0 des fins de promotion.<\/p>","protected":false},"excerpt":{"rendered":"<p>J&#039;ai re\u00e7u les informations n\u00e9cessaires dans le cadre de la loi sur la protection des donn\u00e9es personnelles n\u00b0 6698. \u00c0 cet \u00e9gard, le crime a \u00e9t\u00e9 commis contre moi et le parent\/parent au premier degr\u00e9 de \u2026\u2026\u2026\u2026\u2026\u2026\u2026\u2026\u2026\u2026\u2026\u2026\u2026\u2026\u2026.. avec num\u00e9ro d&#039;identit\u00e9 TR qui a \u00e9tudi\u00e9 dans les \u00e9tablissements d&#039;enseignement Ch\u00e2teau Nos \u00e9tablissements d&#039;enseignement visuel et audio. les donn\u00e9es personnelles appartenant \u00e0 l&#039;\u00e9tudiant nomm\u00e9 \u2026\u2026\u2026\u2026\u2026\u2026 ; Aux fins du partage public et de la promotion des activit\u00e9s\/\u00e9v\u00e9nements organis\u00e9s dans le cadre des processus d&#039;\u00e9ducation et de formation, [\u2026]<\/p>","protected":false},"author":1,"featured_media":0,"parent":0,"menu_order":0,"comment_status":"closed","ping_status":"closed","template":"","meta":{"_joinchat":[],"footnotes":""},"class_list":["post-6283","page","type-page","status-publish","hentry"],"yoast_head":"<!-- This site is optimized with the Yoast SEO plugin v23.4 - https:\/\/yoast.com\/wordpress\/plugins\/seo\/ -->\n<title>A\u00c7IK RIZA ONAYI | Ch\u00e2teauKIDS<\/title>\n<meta name=\"robots\" content=\"index, follow, max-snippet:-1, max-image-preview:large, max-video-preview:-1\" \/>\n<link rel=\"canonical\" href=\"https:\/\/chateaukids.com\/fr\/acik-riza-onayi\/\" \/>\n<meta property=\"og:locale\" content=\"fr_FR\" \/>\n<meta property=\"og:type\" content=\"article\" \/>\n<meta property=\"og:title\" content=\"A\u00c7IK RIZA ONAYI | Ch\u00e2teauKIDS\" \/>\n<meta property=\"og:description\" content=\"6698 say\u0131l\u0131 Ki\u015fisel Verilerin Korunmas\u0131 Kanunu kapsam\u0131nda taraf\u0131ma gerekli bilgilendirme yap\u0131lm\u0131\u015ft\u0131r. Bu do\u011frultuda ,i\u015flendi\u011fi belirtilen bana ve Ch\u00e2teau E\u011fitim Kurumlar\u0131nda \u00f6\u011frenim g\u00f6ren \u2026\u2026\u2026\u2026\u2026\u2026\u2026\u2026\u2026\u2026\u2026\u2026\u2026\u2026\u2026..T.C Kimlik Numaral\u0131 velisi\/ birinci derece yak\u0131n\u0131 bulundu\u011fum\u2026\u2026\u2026\u2026\u2026\u2026\u2026\u2026\u2026\u2026\u2026\u2026\u2026\u2026\u2026\u2026\u2026\u2026 adl\u0131 \u00f6\u011frenciye ait g\u00f6rsel ve i\u015fitsel ki\u015fisel verilerimiz\u00a0; e\u011fitim ve \u00f6\u011fretim s\u00fcre\u00e7leri kapsam\u0131nda d\u00fczenlenen faaliyet \/etkinliklerin kamu oyu ile payla\u015f\u0131m\u0131 ve tan\u0131t\u0131m amac\u0131yla ,\u00f6\u011frencimin \u00f6\u011frenim [&hellip;]\" \/>\n<meta property=\"og:url\" content=\"https:\/\/chateaukids.com\/fr\/acik-riza-onayi\/\" \/>\n<meta property=\"og:site_name\" content=\"Ch\u00e2teauKIDS\" \/>\n<meta name=\"twitter:card\" content=\"summary_large_image\" \/>\n<meta name=\"twitter:label1\" content=\"Dur\u00e9e de lecture estim\u00e9e\" \/>\n\t<meta name=\"twitter:data1\" content=\"1 minute\" \/>\n<script type=\"application\/ld+json\" class=\"yoast-schema-graph\">{\"@context\":\"https:\/\/schema.org\",\"@graph\":[{\"@type\":\"WebPage\",\"@id\":\"https:\/\/chateaukids.com\/acik-riza-onayi\/\",\"url\":\"https:\/\/chateaukids.com\/acik-riza-onayi\/\",\"name\":\"A\u00c7IK RIZA ONAYI | Ch\u00e2teauKIDS\",\"isPartOf\":{\"@id\":\"https:\/\/chateaukids.com\/#website\"},\"datePublished\":\"2023-09-11T08:43:39+00:00\",\"dateModified\":\"2023-09-11T08:43:39+00:00\",\"breadcrumb\":{\"@id\":\"https:\/\/chateaukids.com\/acik-riza-onayi\/#breadcrumb\"},\"inLanguage\":\"fr-FR\",\"potentialAction\":[{\"@type\":\"ReadAction\",\"target\":[\"https:\/\/chateaukids.com\/acik-riza-onayi\/\"]}]},{\"@type\":\"BreadcrumbList\",\"@id\":\"https:\/\/chateaukids.com\/acik-riza-onayi\/#breadcrumb\",\"itemListElement\":[{\"@type\":\"ListItem\",\"position\":1,\"name\":\"Ana sayfa\",\"item\":\"https:\/\/chateaukids.com\/\"},{\"@type\":\"ListItem\",\"position\":2,\"name\":\"A\u00c7IK RIZA ONAYI\"}]},{\"@type\":\"WebSite\",\"@id\":\"https:\/\/chateaukids.com\/#website\",\"url\":\"https:\/\/chateaukids.com\/\",\"name\":\"Ch\u00e2teauKIDS\",\"description\":\"\",\"potentialAction\":[{\"@type\":\"SearchAction\",\"target\":{\"@type\":\"EntryPoint\",\"urlTemplate\":\"https:\/\/chateaukids.com\/?s={search_term_string}\"},\"query-input\":{\"@type\":\"PropertyValueSpecification\",\"valueRequired\":true,\"valueName\":\"search_term_string\"}}],\"inLanguage\":\"fr-FR\"}]}<\/script>\n<!-- \/ Yoast SEO plugin. -->","yoast_head_json":{"title":"A\u00c7IK RIZA ONAYI | Ch\u00e2teauKIDS","robots":{"index":"index","follow":"follow","max-snippet":"max-snippet:-1","max-image-preview":"max-image-preview:large","max-video-preview":"max-video-preview:-1"},"canonical":"https:\/\/chateaukids.com\/fr\/acik-riza-onayi\/","og_locale":"fr_FR","og_type":"article","og_title":"A\u00c7IK RIZA ONAYI | Ch\u00e2teauKIDS","og_description":"6698 say\u0131l\u0131 Ki\u015fisel Verilerin Korunmas\u0131 Kanunu kapsam\u0131nda taraf\u0131ma gerekli bilgilendirme yap\u0131lm\u0131\u015ft\u0131r. Bu do\u011frultuda ,i\u015flendi\u011fi belirtilen bana ve Ch\u00e2teau E\u011fitim Kurumlar\u0131nda \u00f6\u011frenim g\u00f6ren \u2026\u2026\u2026\u2026\u2026\u2026\u2026\u2026\u2026\u2026\u2026\u2026\u2026\u2026\u2026..T.C Kimlik Numaral\u0131 velisi\/ birinci derece yak\u0131n\u0131 bulundu\u011fum\u2026\u2026\u2026\u2026\u2026\u2026\u2026\u2026\u2026\u2026\u2026\u2026\u2026\u2026\u2026\u2026\u2026\u2026 adl\u0131 \u00f6\u011frenciye ait g\u00f6rsel ve i\u015fitsel ki\u015fisel verilerimiz\u00a0; e\u011fitim ve \u00f6\u011fretim s\u00fcre\u00e7leri kapsam\u0131nda d\u00fczenlenen faaliyet \/etkinliklerin kamu oyu ile payla\u015f\u0131m\u0131 ve tan\u0131t\u0131m amac\u0131yla ,\u00f6\u011frencimin \u00f6\u011frenim [&hellip;]","og_url":"https:\/\/chateaukids.com\/fr\/acik-riza-onayi\/","og_site_name":"Ch\u00e2teauKIDS","twitter_card":"summary_large_image","twitter_misc":{"Dur\u00e9e de lecture estim\u00e9e":"1 minute"},"schema":{"@context":"https:\/\/schema.org","@graph":[{"@type":"WebPage","@id":"https:\/\/chateaukids.com\/acik-riza-onayi\/","url":"https:\/\/chateaukids.com\/acik-riza-onayi\/","name":"A\u00c7IK RIZA ONAYI | Ch\u00e2teauKIDS","isPartOf":{"@id":"https:\/\/chateaukids.com\/#website"},"datePublished":"2023-09-11T08:43:39+00:00","dateModified":"2023-09-11T08:43:39+00:00","breadcrumb":{"@id":"https:\/\/chateaukids.com\/acik-riza-onayi\/#breadcrumb"},"inLanguage":"fr-FR","potentialAction":[{"@type":"ReadAction","target":["https:\/\/chateaukids.com\/acik-riza-onayi\/"]}]},{"@type":"BreadcrumbList","@id":"https:\/\/chateaukids.com\/acik-riza-onayi\/#breadcrumb","itemListElement":[{"@type":"ListItem","position":1,"name":"Ana sayfa","item":"https:\/\/chateaukids.com\/"},{"@type":"ListItem","position":2,"name":"A\u00c7IK RIZA ONAYI"}]},{"@type":"WebSite","@id":"https:\/\/chateaukids.com\/#website","url":"https:\/\/chateaukids.com\/","name":"Ch\u00e2teauKIDS","description":"","potentialAction":[{"@type":"SearchAction","target":{"@type":"EntryPoint","urlTemplate":"https:\/\/chateaukids.com\/?s={search_term_string}"},"query-input":{"@type":"PropertyValueSpecification","valueRequired":true,"valueName":"search_term_string"}}],"inLanguage":"fr-FR"}]}},"_links":{"self":[{"href":"https:\/\/chateaukids.com\/fr\/wp-json\/wp\/v2\/pages\/6283","targetHints":{"allow":["GET"]}}],"collection":[{"href":"https:\/\/chateaukids.com\/fr\/wp-json\/wp\/v2\/pages"}],"about":[{"href":"https:\/\/chateaukids.com\/fr\/wp-json\/wp\/v2\/types\/page"}],"author":[{"embeddable":true,"href":"https:\/\/chateaukids.com\/fr\/wp-json\/wp\/v2\/users\/1"}],"replies":[{"embeddable":true,"href":"https:\/\/chateaukids.com\/fr\/wp-json\/wp\/v2\/comments?post=6283"}],"version-history":[{"count":1,"href":"https:\/\/chateaukids.com\/fr\/wp-json\/wp\/v2\/pages\/6283\/revisions"}],"predecessor-version":[{"id":6284,"href":"https:\/\/chateaukids.com\/fr\/wp-json\/wp\/v2\/pages\/6283\/revisions\/6284"}],"wp:attachment":[{"href":"https:\/\/chateaukids.com\/fr\/wp-json\/wp\/v2\/media?parent=6283"}],"curies":[{"name":"wp","href":"https:\/\/api.w.org\/{rel}","templated":true}]}}